{"id":25,"date":"2009-03-25T11:34:26","date_gmt":"2009-03-25T10:34:26","guid":{"rendered":"https:\/\/sprutskalle.dk\/blog\/?page_id=25"},"modified":"2010-02-03T18:46:11","modified_gmt":"2010-02-03T17:46:11","slug":"sprutskalle","status":"publish","type":"page","link":"https:\/\/sprutskalle.dk\/blog\/sprutskalle\/","title":{"rendered":"Sprutskalle"},"content":{"rendered":"<p>Sprutskalle.<\/p>\n<p>Hvad er en Sprutskalle ?<\/p>\n<p>Det st\u00e5r ikke helt klart pr\u00e6cis hvad en Sprutskalle er. S\u00e5 vidt jeg er orienteret er begrebet &#8220;Sprutskalle&#8221; opfundet af min gode ven, Thomas.<\/p>\n<p>Typisk n\u00e5r man sidder og passer sig selv, bipper der en SMS ind med beskeden &#8220;Sprutskalle&#8221; (eller &#8220;du lugter af lort&#8221; eller tilsvarende). Hermed indledes typisk en l\u00e6ngere konversation hvor vi sviner hinanden grundigt til, mens telefonselskaberne tjener penge p\u00e5 at b\u00e6re vores SMS&#8217;er frem og tilbage i overfl\u00f8dig b\u00e5ndbredde&#8230;<\/p>\n<p>Direkte adpurgt: &#8220;Hvad er en Sprutskalle&#8221; svarer Thomas: &#8220;Det er s\u00e5dan \u00e9n som dig&#8221;.<\/p>\n<p>Og s\u00e5 er den vel ikke l\u00e6ngere?<\/p>\n","protected":false},"excerpt":{"rendered":"<p>Sprutskalle. Hvad er en Sprutskalle ? Det st\u00e5r ikke helt klart pr\u00e6cis hvad en Sprutskalle er. S\u00e5 vidt jeg er orienteret er begrebet &#8220;Sprutskalle&#8221; opfundet af min gode ven, Thomas. Typisk n\u00e5r man sidder og passer sig selv, bipper der en SMS ind med beskeden &#8220;Sprutskalle&#8221; (eller &#8220;du lugter af lort&#8221; eller tilsvarende). Hermed indledes [&hellip;]<\/p>\n","protected":false},"author":1,"featured_media":0,"parent":0,"menu_order":0,"comment_status":"open","ping_status":"open","template":"","meta":{"footnotes":""},"class_list":["post-25","page","type-page","status-publish","hentry"],"_links":{"self":[{"href":"https:\/\/sprutskalle.dk\/blog\/wp-json\/wp\/v2\/pages\/25","targetHints":{"allow":["GET"]}}],"collection":[{"href":"https:\/\/sprutskalle.dk\/blog\/wp-json\/wp\/v2\/pages"}],"about":[{"href":"https:\/\/sprutskalle.dk\/blog\/wp-json\/wp\/v2\/types\/page"}],"author":[{"embeddable":true,"href":"https:\/\/sprutskalle.dk\/blog\/wp-json\/wp\/v2\/users\/1"}],"replies":[{"embeddable":true,"href":"https:\/\/sprutskalle.dk\/blog\/wp-json\/wp\/v2\/comments?post=25"}],"version-history":[{"count":2,"href":"https:\/\/sprutskalle.dk\/blog\/wp-json\/wp\/v2\/pages\/25\/revisions"}],"predecessor-version":[{"id":29,"href":"https:\/\/sprutskalle.dk\/blog\/wp-json\/wp\/v2\/pages\/25\/revisions\/29"}],"wp:attachment":[{"href":"https:\/\/sprutskalle.dk\/blog\/wp-json\/wp\/v2\/media?parent=25"}],"curies":[{"name":"wp","href":"https:\/\/api.w.org\/{rel}","templated":true}]}}